{"id":1349,"date":"2021-10-23T05:37:29","date_gmt":"2021-10-23T02:37:29","guid":{"rendered":"https:\/\/diezlab.com\/?page_id=1349"},"modified":"2021-10-26T17:13:19","modified_gmt":"2021-10-26T14:13:19","slug":"markalarimiz","status":"publish","type":"page","link":"https:\/\/diezlab.com\/?page_id=1349","title":{"rendered":"Markalar\u0131m\u0131z"},"content":{"rendered":"\t\t<div data-elementor-type=\"wp-page\" data-elementor-id=\"1349\" class=\"elementor elementor-1349\" data-elementor-settings=\"[]\">\n\t\t\t\t\t\t\t<div class=\"elementor-section-wrap\">\n\t\t\t\t\t\t\t<section class=\"elementor-section elementor-top-section elementor-element elementor-element-860e90b elementor-section-boxed elementor-section-height-default elementor-section-height-default\" data-id=\"860e90b\" data-element_type=\"section\">\n\t\t\t\t\t\t<div class=\"elementor-container elementor-column-gap-default\">\n\t\t\t\t\t<div class=\"elementor-column elementor-col-100 elementor-top-column elementor-element elementor-element-204365b\" data-id=\"204365b\" data-element_type=\"column\">\n\t\t\t<div class=\"elementor-widget-wrap elementor-element-populated\">\n\t\t\t\t\t\t\t\t<div class=\"elementor-element elementor-element-d994eb6 elementor-invisible elementor-widget elementor-widget-heading\" data-id=\"d994eb6\" data-element_type=\"widget\" data-settings=\"{&quot;_animation&quot;:&quot;fadeInDown&quot;}\" data-widget_type=\"heading.default\">\n\t\t\t\t<div class=\"elementor-widget-container\">\n\t\t\t<h2 class=\"elementor-heading-title elementor-size-xxl\">MARKALARIMIZ<\/h2>\t\t<\/div>\n\t\t\t\t<\/div>\n\t\t\t\t<div class=\"elementor-element elementor-element-8e1e2c5 elementor-widget elementor-widget-image-gallery\" data-id=\"8e1e2c5\" data-element_type=\"widget\" data-widget_type=\"image-gallery.default\">\n\t\t\t\t<div class=\"elementor-widget-container\">\n\t\t\t\t\t<div class=\"elementor-image-gallery\">\n\t\t\t\n\t\t<style type=\"text\/css\">\n\t\t\t#gallery-1 {\n\t\t\t\tmargin: auto;\n\t\t\t}\n\t\t\t#gallery-1 .gallery-item {\n\t\t\t\tfloat: left;\n\t\t\t\tmargin-top: 10px;\n\t\t\t\ttext-align: center;\n\t\t\t\twidth: 20%;\n\t\t\t}\n\t\t\t#gallery-1 img {\n\t\t\t\tborder: 2px solid #cfcfcf;\n\t\t\t}\n\t\t\t#gallery-1 .gallery-caption {\n\t\t\t\tmargin-left: 0;\n\t\t\t}\n\t\t\t\/* see gallery_shortcode() in wp-includes\/media.php *\/\n\t\t<\/style>\n\t\t<div id='gallery-1' class='gallery galleryid-1349 gallery-columns-5 gallery-size-thumbnail'><dl class='gallery-item'>\n\t\t\t<dt class='gallery-icon landscape'>\n\t\t\t\t<a data-elementor-open-lightbox=\"yes\" data-elementor-lightbox-slideshow=\"8e1e2c5\" data-elementor-lightbox-title=\"Abcr\" href='https:\/\/diezlab.com\/wp-content\/uploads\/2021\/10\/Abcr-1.jpg'><img decoding=\"async\" width=\"150\" height=\"150\" src=\"https:\/\/diezlab.com\/wp-content\/uploads\/2021\/10\/Abcr-1-150x150.jpg\" class=\"attachment-thumbnail size-thumbnail\" alt=\"\" srcset=\"https:\/\/diezlab.com\/wp-content\/uploads\/2021\/10\/Abcr-1-150x150.jpg 150w, https:\/\/diezlab.com\/wp-content\/uploads\/2021\/10\/Abcr-1-100x100.jpg 100w, https:\/\/diezlab.com\/wp-content\/uploads\/2021\/10\/Abcr-1.jpg 250w\" sizes=\"(max-width: 150px) 100vw, 150px\" \/><\/a>\n\t\t\t<\/dt><\/dl><dl class='gallery-item'>\n\t\t\t<dt class='gallery-icon landscape'>\n\t\t\t\t<a data-elementor-open-lightbox=\"yes\" data-elementor-lightbox-slideshow=\"8e1e2c5\" data-elementor-lightbox-title=\"Acros\" href='https:\/\/diezlab.com\/wp-content\/uploads\/2021\/10\/Acros-1.jpg'><img decoding=\"async\" width=\"150\" height=\"150\" src=\"https:\/\/diezlab.com\/wp-content\/uploads\/2021\/10\/Acros-1-150x150.jpg\" class=\"attachment-thumbnail size-thumbnail\" alt=\"\" srcset=\"https:\/\/diezlab.com\/wp-content\/uploads\/2021\/10\/Acros-1-150x150.jpg 150w, https:\/\/diezlab.com\/wp-content\/uploads\/2021\/10\/Acros-1-100x100.jpg 100w, https:\/\/diezlab.com\/wp-content\/uploads\/2021\/10\/Acros-1.jpg 250w\" sizes=\"(max-width: 150px) 100vw, 150px\" \/><\/a>\n\t\t\t<\/dt><\/dl><dl class='gallery-item'>\n\t\t\t<dt class='gallery-icon landscape'>\n\t\t\t\t<a data-elementor-open-lightbox=\"yes\" data-elementor-lightbox-slideshow=\"8e1e2c5\" data-elementor-lightbox-title=\"AlfaAesar\" href='https:\/\/diezlab.com\/wp-content\/uploads\/2021\/10\/AlfaAesar-1.png'><img decoding=\"async\" width=\"150\" height=\"150\" src=\"https:\/\/diezlab.com\/wp-content\/uploads\/2021\/10\/AlfaAesar-1-150x150.png\" class=\"attachment-thumbnail size-thumbnail\" alt=\"\" srcset=\"https:\/\/diezlab.com\/wp-content\/uploads\/2021\/10\/AlfaAesar-1-150x150.png 150w, https:\/\/diezlab.com\/wp-content\/uploads\/2021\/10\/AlfaAesar-1-100x100.png 100w, https:\/\/diezlab.com\/wp-content\/uploads\/2021\/10\/AlfaAesar-1.png 250w\" sizes=\"(max-width: 150px) 100vw, 150px\" \/><\/a>\n\t\t\t<\/dt><\/dl><dl class='gallery-item'>\n\t\t\t<dt class='gallery-icon landscape'>\n\t\t\t\t<a data-elementor-open-lightbox=\"yes\" data-elementor-lightbox-slideshow=\"8e1e2c5\" data-elementor-lightbox-title=\"Biosan\" href='https:\/\/diezlab.com\/wp-content\/uploads\/2021\/10\/Biosan-1.jpg'><img decoding=\"async\" width=\"150\" height=\"150\" src=\"https:\/\/diezlab.com\/wp-content\/uploads\/2021\/10\/Biosan-1-150x150.jpg\" class=\"attachment-thumbnail size-thumbnail\" alt=\"\" srcset=\"https:\/\/diezlab.com\/wp-content\/uploads\/2021\/10\/Biosan-1-150x150.jpg 150w, https:\/\/diezlab.com\/wp-content\/uploads\/2021\/10\/Biosan-1-100x100.jpg 100w, https:\/\/diezlab.com\/wp-content\/uploads\/2021\/10\/Biosan-1.jpg 250w\" sizes=\"(max-width: 150px) 100vw, 150px\" \/><\/a>\n\t\t\t<\/dt><\/dl><dl class='gallery-item'>\n\t\t\t<dt class='gallery-icon landscape'>\n\t\t\t\t<a data-elementor-open-lightbox=\"yes\" data-elementor-lightbox-slideshow=\"8e1e2c5\" data-elementor-lightbox-title=\"Brand\" href='https:\/\/diezlab.com\/wp-content\/uploads\/2021\/10\/Brand-1.jpg'><img decoding=\"async\" width=\"150\" height=\"150\" src=\"https:\/\/diezlab.com\/wp-content\/uploads\/2021\/10\/Brand-1-150x150.jpg\" class=\"attachment-thumbnail size-thumbnail\" alt=\"\" srcset=\"https:\/\/diezlab.com\/wp-content\/uploads\/2021\/10\/Brand-1-150x150.jpg 150w, https:\/\/diezlab.com\/wp-content\/uploads\/2021\/10\/Brand-1-100x100.jpg 100w, https:\/\/diezlab.com\/wp-content\/uploads\/2021\/10\/Brand-1.jpg 250w\" sizes=\"(max-width: 150px) 100vw, 150px\" \/><\/a>\n\t\t\t<\/dt><\/dl><br style=\"clear: both\" \/><dl class='gallery-item'>\n\t\t\t<dt class='gallery-icon landscape'>\n\t\t\t\t<a data-elementor-open-lightbox=\"yes\" data-elementor-lightbox-slideshow=\"8e1e2c5\" data-elementor-lightbox-title=\"\u00c7al\u0131\u015fkan\" href='https:\/\/diezlab.com\/wp-content\/uploads\/2021\/10\/Caliskan-1.jpg'><img decoding=\"async\" width=\"150\" height=\"150\" src=\"https:\/\/diezlab.com\/wp-content\/uploads\/2021\/10\/Caliskan-1-150x150.jpg\" class=\"attachment-thumbnail size-thumbnail\" alt=\"\" srcset=\"https:\/\/diezlab.com\/wp-content\/uploads\/2021\/10\/Caliskan-1-150x150.jpg 150w, https:\/\/diezlab.com\/wp-content\/uploads\/2021\/10\/Caliskan-1-100x100.jpg 100w, https:\/\/diezlab.com\/wp-content\/uploads\/2021\/10\/Caliskan-1.jpg 250w\" sizes=\"(max-width: 150px) 100vw, 150px\" \/><\/a>\n\t\t\t<\/dt><\/dl><dl class='gallery-item'>\n\t\t\t<dt class='gallery-icon landscape'>\n\t\t\t\t<a data-elementor-open-lightbox=\"yes\" data-elementor-lightbox-slideshow=\"8e1e2c5\" data-elementor-lightbox-title=\"Gerber\" href='https:\/\/diezlab.com\/wp-content\/uploads\/2021\/10\/Gerber-1.jpg'><img decoding=\"async\" width=\"150\" height=\"150\" src=\"https:\/\/diezlab.com\/wp-content\/uploads\/2021\/10\/Gerber-1-150x150.jpg\" class=\"attachment-thumbnail size-thumbnail\" alt=\"\" srcset=\"https:\/\/diezlab.com\/wp-content\/uploads\/2021\/10\/Gerber-1-150x150.jpg 150w, https:\/\/diezlab.com\/wp-content\/uploads\/2021\/10\/Gerber-1-100x100.jpg 100w, https:\/\/diezlab.com\/wp-content\/uploads\/2021\/10\/Gerber-1.jpg 250w\" sizes=\"(max-width: 150px) 100vw, 150px\" \/><\/a>\n\t\t\t<\/dt><\/dl><dl class='gallery-item'>\n\t\t\t<dt class='gallery-icon landscape'>\n\t\t\t\t<a data-elementor-open-lightbox=\"yes\" data-elementor-lightbox-slideshow=\"8e1e2c5\" data-elementor-lightbox-title=\"Hach\" href='https:\/\/diezlab.com\/wp-content\/uploads\/2021\/10\/Hach-1.png'><img decoding=\"async\" width=\"150\" height=\"150\" src=\"https:\/\/diezlab.com\/wp-content\/uploads\/2021\/10\/Hach-1-150x150.png\" class=\"attachment-thumbnail size-thumbnail\" alt=\"\" srcset=\"https:\/\/diezlab.com\/wp-content\/uploads\/2021\/10\/Hach-1-150x150.png 150w, https:\/\/diezlab.com\/wp-content\/uploads\/2021\/10\/Hach-1-100x100.png 100w, https:\/\/diezlab.com\/wp-content\/uploads\/2021\/10\/Hach-1.png 250w\" sizes=\"(max-width: 150px) 100vw, 150px\" \/><\/a>\n\t\t\t<\/dt><\/dl><dl class='gallery-item'>\n\t\t\t<dt class='gallery-icon landscape'>\n\t\t\t\t<a data-elementor-open-lightbox=\"yes\" data-elementor-lightbox-slideshow=\"8e1e2c5\" data-elementor-lightbox-title=\"Ika\" href='https:\/\/diezlab.com\/wp-content\/uploads\/2021\/10\/Ika-1.png'><img decoding=\"async\" width=\"150\" height=\"150\" src=\"https:\/\/diezlab.com\/wp-content\/uploads\/2021\/10\/Ika-1-150x150.png\" class=\"attachment-thumbnail size-thumbnail\" alt=\"\" srcset=\"https:\/\/diezlab.com\/wp-content\/uploads\/2021\/10\/Ika-1-150x150.png 150w, https:\/\/diezlab.com\/wp-content\/uploads\/2021\/10\/Ika-1-100x100.png 100w, https:\/\/diezlab.com\/wp-content\/uploads\/2021\/10\/Ika-1.png 250w\" sizes=\"(max-width: 150px) 100vw, 150px\" \/><\/a>\n\t\t\t<\/dt><\/dl><dl class='gallery-item'>\n\t\t\t<dt class='gallery-icon landscape'>\n\t\t\t\t<a data-elementor-open-lightbox=\"yes\" data-elementor-lightbox-slideshow=\"8e1e2c5\" data-elementor-lightbox-title=\"Isolab\" href='https:\/\/diezlab.com\/wp-content\/uploads\/2021\/10\/Isolab-1.jpg'><img decoding=\"async\" width=\"150\" height=\"150\" src=\"https:\/\/diezlab.com\/wp-content\/uploads\/2021\/10\/Isolab-1-150x150.jpg\" class=\"attachment-thumbnail size-thumbnail\" alt=\"\" srcset=\"https:\/\/diezlab.com\/wp-content\/uploads\/2021\/10\/Isolab-1-150x150.jpg 150w, https:\/\/diezlab.com\/wp-content\/uploads\/2021\/10\/Isolab-1-100x100.jpg 100w, https:\/\/diezlab.com\/wp-content\/uploads\/2021\/10\/Isolab-1.jpg 250w\" sizes=\"(max-width: 150px) 100vw, 150px\" \/><\/a>\n\t\t\t<\/dt><\/dl><br style=\"clear: both\" \/><dl class='gallery-item'>\n\t\t\t<dt class='gallery-icon landscape'>\n\t\t\t\t<a data-elementor-open-lightbox=\"yes\" data-elementor-lightbox-slideshow=\"8e1e2c5\" data-elementor-lightbox-title=\"LP\" href='https:\/\/diezlab.com\/wp-content\/uploads\/2021\/10\/LP-1.jpg'><img decoding=\"async\" width=\"150\" height=\"150\" src=\"https:\/\/diezlab.com\/wp-content\/uploads\/2021\/10\/LP-1-150x150.jpg\" class=\"attachment-thumbnail size-thumbnail\" alt=\"\" srcset=\"https:\/\/diezlab.com\/wp-content\/uploads\/2021\/10\/LP-1-150x150.jpg 150w, https:\/\/diezlab.com\/wp-content\/uploads\/2021\/10\/LP-1-100x100.jpg 100w, https:\/\/diezlab.com\/wp-content\/uploads\/2021\/10\/LP-1.jpg 250w\" sizes=\"(max-width: 150px) 100vw, 150px\" \/><\/a>\n\t\t\t<\/dt><\/dl><dl class='gallery-item'>\n\t\t\t<dt class='gallery-icon landscape'>\n\t\t\t\t<a data-elementor-open-lightbox=\"yes\" data-elementor-lightbox-slideshow=\"8e1e2c5\" data-elementor-lightbox-title=\"magmatherm\" href='https:\/\/diezlab.com\/wp-content\/uploads\/2021\/10\/magmatherm-1.png'><img decoding=\"async\" width=\"150\" height=\"150\" src=\"https:\/\/diezlab.com\/wp-content\/uploads\/2021\/10\/magmatherm-1-150x150.png\" class=\"attachment-thumbnail size-thumbnail\" alt=\"\" srcset=\"https:\/\/diezlab.com\/wp-content\/uploads\/2021\/10\/magmatherm-1-150x150.png 150w, https:\/\/diezlab.com\/wp-content\/uploads\/2021\/10\/magmatherm-1-100x100.png 100w, https:\/\/diezlab.com\/wp-content\/uploads\/2021\/10\/magmatherm-1.png 250w\" sizes=\"(max-width: 150px) 100vw, 150px\" \/><\/a>\n\t\t\t<\/dt><\/dl><dl class='gallery-item'>\n\t\t\t<dt class='gallery-icon landscape'>\n\t\t\t\t<a data-elementor-open-lightbox=\"yes\" data-elementor-lightbox-slideshow=\"8e1e2c5\" data-elementor-lightbox-title=\"Merck\" href='https:\/\/diezlab.com\/wp-content\/uploads\/2021\/10\/Merck-1.jpg'><img decoding=\"async\" width=\"150\" height=\"150\" src=\"https:\/\/diezlab.com\/wp-content\/uploads\/2021\/10\/Merck-1-150x150.jpg\" class=\"attachment-thumbnail size-thumbnail\" alt=\"\" srcset=\"https:\/\/diezlab.com\/wp-content\/uploads\/2021\/10\/Merck-1-150x150.jpg 150w, https:\/\/diezlab.com\/wp-content\/uploads\/2021\/10\/Merck-1-100x100.jpg 100w, https:\/\/diezlab.com\/wp-content\/uploads\/2021\/10\/Merck-1.jpg 250w\" sizes=\"(max-width: 150px) 100vw, 150px\" \/><\/a>\n\t\t\t<\/dt><\/dl><dl class='gallery-item'>\n\t\t\t<dt class='gallery-icon landscape'>\n\t\t\t\t<a data-elementor-open-lightbox=\"yes\" data-elementor-lightbox-slideshow=\"8e1e2c5\" data-elementor-lightbox-title=\"MettlerToledo\" href='https:\/\/diezlab.com\/wp-content\/uploads\/2021\/10\/MettlerToledo-1.jpg'><img decoding=\"async\" width=\"150\" height=\"150\" src=\"https:\/\/diezlab.com\/wp-content\/uploads\/2021\/10\/MettlerToledo-1-150x150.jpg\" class=\"attachment-thumbnail size-thumbnail\" alt=\"\" srcset=\"https:\/\/diezlab.com\/wp-content\/uploads\/2021\/10\/MettlerToledo-1-150x150.jpg 150w, https:\/\/diezlab.com\/wp-content\/uploads\/2021\/10\/MettlerToledo-1-100x100.jpg 100w, https:\/\/diezlab.com\/wp-content\/uploads\/2021\/10\/MettlerToledo-1.jpg 250w\" sizes=\"(max-width: 150px) 100vw, 150px\" \/><\/a>\n\t\t\t<\/dt><\/dl><dl class='gallery-item'>\n\t\t\t<dt class='gallery-icon landscape'>\n\t\t\t\t<a data-elementor-open-lightbox=\"yes\" data-elementor-lightbox-slideshow=\"8e1e2c5\" data-elementor-lightbox-title=\"oxoid\" href='https:\/\/diezlab.com\/wp-content\/uploads\/2021\/10\/oxoid-1.jpg'><img decoding=\"async\" width=\"150\" height=\"150\" src=\"https:\/\/diezlab.com\/wp-content\/uploads\/2021\/10\/oxoid-1-150x150.jpg\" class=\"attachment-thumbnail size-thumbnail\" alt=\"\" srcset=\"https:\/\/diezlab.com\/wp-content\/uploads\/2021\/10\/oxoid-1-150x150.jpg 150w, https:\/\/diezlab.com\/wp-content\/uploads\/2021\/10\/oxoid-1-100x100.jpg 100w, https:\/\/diezlab.com\/wp-content\/uploads\/2021\/10\/oxoid-1.jpg 250w\" sizes=\"(max-width: 150px) 100vw, 150px\" \/><\/a>\n\t\t\t<\/dt><\/dl><br style=\"clear: both\" \/><dl class='gallery-item'>\n\t\t\t<dt class='gallery-icon landscape'>\n\t\t\t\t<a data-elementor-open-lightbox=\"yes\" data-elementor-lightbox-slideshow=\"8e1e2c5\" data-elementor-lightbox-title=\"Qualitec\" href='https:\/\/diezlab.com\/wp-content\/uploads\/2021\/10\/Qualitec-1.jpg'><img decoding=\"async\" width=\"150\" height=\"150\" src=\"https:\/\/diezlab.com\/wp-content\/uploads\/2021\/10\/Qualitec-1-150x150.jpg\" class=\"attachment-thumbnail size-thumbnail\" alt=\"\" srcset=\"https:\/\/diezlab.com\/wp-content\/uploads\/2021\/10\/Qualitec-1-150x150.jpg 150w, https:\/\/diezlab.com\/wp-content\/uploads\/2021\/10\/Qualitec-1-100x100.jpg 100w, https:\/\/diezlab.com\/wp-content\/uploads\/2021\/10\/Qualitec-1.jpg 250w\" sizes=\"(max-width: 150px) 100vw, 150px\" \/><\/a>\n\t\t\t<\/dt><\/dl><dl class='gallery-item'>\n\t\t\t<dt class='gallery-icon landscape'>\n\t\t\t\t<a data-elementor-open-lightbox=\"yes\" data-elementor-lightbox-slideshow=\"8e1e2c5\" data-elementor-lightbox-title=\"Sigma\" href='https:\/\/diezlab.com\/wp-content\/uploads\/2021\/10\/Sigma-1.jpg'><img decoding=\"async\" width=\"150\" height=\"150\" src=\"https:\/\/diezlab.com\/wp-content\/uploads\/2021\/10\/Sigma-1-150x150.jpg\" class=\"attachment-thumbnail size-thumbnail\" alt=\"\" srcset=\"https:\/\/diezlab.com\/wp-content\/uploads\/2021\/10\/Sigma-1-150x150.jpg 150w, https:\/\/diezlab.com\/wp-content\/uploads\/2021\/10\/Sigma-1-100x100.jpg 100w, https:\/\/diezlab.com\/wp-content\/uploads\/2021\/10\/Sigma-1.jpg 250w\" sizes=\"(max-width: 150px) 100vw, 150px\" \/><\/a>\n\t\t\t<\/dt><\/dl><dl class='gallery-item'>\n\t\t\t<dt class='gallery-icon landscape'>\n\t\t\t\t<a data-elementor-open-lightbox=\"yes\" data-elementor-lightbox-slideshow=\"8e1e2c5\" data-elementor-lightbox-title=\"Tekkim\" href='https:\/\/diezlab.com\/wp-content\/uploads\/2021\/10\/Tekkim-1.png'><img decoding=\"async\" width=\"150\" height=\"150\" src=\"https:\/\/diezlab.com\/wp-content\/uploads\/2021\/10\/Tekkim-1-150x150.png\" class=\"attachment-thumbnail size-thumbnail\" alt=\"\" srcset=\"https:\/\/diezlab.com\/wp-content\/uploads\/2021\/10\/Tekkim-1-150x150.png 150w, https:\/\/diezlab.com\/wp-content\/uploads\/2021\/10\/Tekkim-1.png 300w, https:\/\/diezlab.com\/wp-content\/uploads\/2021\/10\/Tekkim-1-100x100.png 100w\" sizes=\"(max-width: 150px) 100vw, 150px\" \/><\/a>\n\t\t\t<\/dt><\/dl><dl class='gallery-item'>\n\t\t\t<dt class='gallery-icon landscape'>\n\t\t\t\t<a data-elementor-open-lightbox=\"yes\" data-elementor-lightbox-slideshow=\"8e1e2c5\" data-elementor-lightbox-title=\"Thermo\" href='https:\/\/diezlab.com\/wp-content\/uploads\/2021\/10\/Thermo-1.png'><img decoding=\"async\" width=\"150\" height=\"150\" src=\"https:\/\/diezlab.com\/wp-content\/uploads\/2021\/10\/Thermo-1-150x150.png\" class=\"attachment-thumbnail size-thumbnail\" alt=\"\" srcset=\"https:\/\/diezlab.com\/wp-content\/uploads\/2021\/10\/Thermo-1-150x150.png 150w, https:\/\/diezlab.com\/wp-content\/uploads\/2021\/10\/Thermo-1.png 300w, https:\/\/diezlab.com\/wp-content\/uploads\/2021\/10\/Thermo-1-100x100.png 100w\" sizes=\"(max-width: 150px) 100vw, 150px\" \/><\/a>\n\t\t\t<\/dt><\/dl><dl class='gallery-item'>\n\t\t\t<dt class='gallery-icon landscape'>\n\t\t\t\t<a data-elementor-open-lightbox=\"yes\" data-elementor-lightbox-slideshow=\"8e1e2c5\" data-elementor-lightbox-title=\"Velp\" href='https:\/\/diezlab.com\/wp-content\/uploads\/2021\/10\/Velp-1.jpg'><img decoding=\"async\" width=\"150\" height=\"150\" src=\"https:\/\/diezlab.com\/wp-content\/uploads\/2021\/10\/Velp-1-150x150.jpg\" class=\"attachment-thumbnail size-thumbnail\" alt=\"\" srcset=\"https:\/\/diezlab.com\/wp-content\/uploads\/2021\/10\/Velp-1-150x150.jpg 150w, https:\/\/diezlab.com\/wp-content\/uploads\/2021\/10\/Velp-1-100x100.jpg 100w, https:\/\/diezlab.com\/wp-content\/uploads\/2021\/10\/Velp-1.jpg 250w\" sizes=\"(max-width: 150px) 100vw, 150px\" \/><\/a>\n\t\t\t<\/dt><\/dl><br style=\"clear: both\" \/><dl class='gallery-item'>\n\t\t\t<dt class='gallery-icon landscape'>\n\t\t\t\t<a data-elementor-open-lightbox=\"yes\" data-elementor-lightbox-slideshow=\"8e1e2c5\" data-elementor-lightbox-title=\"Vitlab\" href='https:\/\/diezlab.com\/wp-content\/uploads\/2021\/10\/Vitlab-1.png'><img decoding=\"async\" width=\"150\" height=\"150\" src=\"https:\/\/diezlab.com\/wp-content\/uploads\/2021\/10\/Vitlab-1-150x150.png\" class=\"attachment-thumbnail size-thumbnail\" alt=\"\" srcset=\"https:\/\/diezlab.com\/wp-content\/uploads\/2021\/10\/Vitlab-1-150x150.png 150w, https:\/\/diezlab.com\/wp-content\/uploads\/2021\/10\/Vitlab-1.png 300w, https:\/\/diezlab.com\/wp-content\/uploads\/2021\/10\/Vitlab-1-100x100.png 100w\" sizes=\"(max-width: 150px) 100vw, 150px\" \/><\/a>\n\t\t\t<\/dt><\/dl><dl class='gallery-item'>\n\t\t\t<dt class='gallery-icon landscape'>\n\t\t\t\t<a data-elementor-open-lightbox=\"yes\" data-elementor-lightbox-slideshow=\"8e1e2c5\" data-elementor-lightbox-title=\"Vwr\" href='https:\/\/diezlab.com\/wp-content\/uploads\/2021\/10\/Vwr-1.jpg'><img decoding=\"async\" width=\"150\" height=\"150\" src=\"https:\/\/diezlab.com\/wp-content\/uploads\/2021\/10\/Vwr-1-150x150.jpg\" class=\"attachment-thumbnail size-thumbnail\" alt=\"\" srcset=\"https:\/\/diezlab.com\/wp-content\/uploads\/2021\/10\/Vwr-1-150x150.jpg 150w, https:\/\/diezlab.com\/wp-content\/uploads\/2021\/10\/Vwr-1-100x100.jpg 100w, https:\/\/diezlab.com\/wp-content\/uploads\/2021\/10\/Vwr-1.jpg 250w\" sizes=\"(max-width: 150px) 100vw, 150px\" \/><\/a>\n\t\t\t<\/dt><\/dl><dl class='gallery-item'>\n\t\t\t<dt class='gallery-icon landscape'>\n\t\t\t\t<a data-elementor-open-lightbox=\"yes\" data-elementor-lightbox-slideshow=\"8e1e2c5\" data-elementor-lightbox-title=\"Whatman\" href='https:\/\/diezlab.com\/wp-content\/uploads\/2021\/10\/Whatman-1.png'><img decoding=\"async\" width=\"150\" height=\"150\" src=\"https:\/\/diezlab.com\/wp-content\/uploads\/2021\/10\/Whatman-1-150x150.png\" class=\"attachment-thumbnail size-thumbnail\" alt=\"\" srcset=\"https:\/\/diezlab.com\/wp-content\/uploads\/2021\/10\/Whatman-1-150x150.png 150w, https:\/\/diezlab.com\/wp-content\/uploads\/2021\/10\/Whatman-1.png 300w, https:\/\/diezlab.com\/wp-content\/uploads\/2021\/10\/Whatman-1-100x100.png 100w\" sizes=\"(max-width: 150px) 100vw, 150px\" \/><\/a>\n\t\t\t<\/dt><\/dl><dl class='gallery-item'>\n\t\t\t<dt class='gallery-icon landscape'>\n\t\t\t\t<a data-elementor-open-lightbox=\"yes\" data-elementor-lightbox-slideshow=\"8e1e2c5\" data-elementor-lightbox-title=\"WTW\" href='https:\/\/diezlab.com\/wp-content\/uploads\/2021\/10\/WTW-1.png'><img decoding=\"async\" width=\"150\" height=\"150\" src=\"https:\/\/diezlab.com\/wp-content\/uploads\/2021\/10\/WTW-1-150x150.png\" class=\"attachment-thumbnail size-thumbnail\" alt=\"\" srcset=\"https:\/\/diezlab.com\/wp-content\/uploads\/2021\/10\/WTW-1-150x150.png 150w, https:\/\/diezlab.com\/wp-content\/uploads\/2021\/10\/WTW-1.png 300w, https:\/\/diezlab.com\/wp-content\/uploads\/2021\/10\/WTW-1-100x100.png 100w\" sizes=\"(max-width: 150px) 100vw, 150px\" \/><\/a>\n\t\t\t<\/dt><\/dl><dl class='gallery-item'>\n\t\t\t<dt class='gallery-icon landscape'>\n\t\t\t\t<a data-elementor-open-lightbox=\"yes\" data-elementor-lightbox-slideshow=\"8e1e2c5\" data-elementor-lightbox-title=\"Zeis\" href='https:\/\/diezlab.com\/wp-content\/uploads\/2021\/10\/Zeis-1.jpg'><img decoding=\"async\" width=\"150\" height=\"150\" src=\"https:\/\/diezlab.com\/wp-content\/uploads\/2021\/10\/Zeis-1-150x150.jpg\" class=\"attachment-thumbnail size-thumbnail\" alt=\"\" srcset=\"https:\/\/diezlab.com\/wp-content\/uploads\/2021\/10\/Zeis-1-150x150.jpg 150w, https:\/\/diezlab.com\/wp-content\/uploads\/2021\/10\/Zeis-1-100x100.jpg 100w, https:\/\/diezlab.com\/wp-content\/uploads\/2021\/10\/Zeis-1.jpg 250w\" sizes=\"(max-width: 150px) 100vw, 150px\" \/><\/a>\n\t\t\t<\/dt><\/dl><br style=\"clear: both\" \/>\n\t\t<\/div>\n\t\t<\/div>\n\t\t\t\t<\/div>\n\t\t\t\t<\/div>\n\t\t\t\t\t<\/div>\n\t\t<\/div>\n\t\t\t\t\t\t\t<\/div>\n\t\t<\/section>\n\t\t\t\t\t\t<\/div>\n\t\t\t\t\t<\/div>\n\t\t","protected":false},"excerpt":{"rendered":"<p>MARKALARIMIZ &#8230; <\/p>\n","protected":false},"author":1,"featured_media":0,"parent":0,"menu_order":0,"comment_status":"closed","ping_status":"closed","template":"","meta":{"footnotes":""},"class_list":["post-1349","page","type-page","status-publish","hentry"],"_links":{"self":[{"href":"https:\/\/diezlab.com\/index.php?rest_route=\/wp\/v2\/pages\/1349","targetHints":{"allow":["GET"]}}],"collection":[{"href":"https:\/\/diezlab.com\/index.php?rest_route=\/wp\/v2\/pages"}],"about":[{"href":"https:\/\/diezlab.com\/index.php?rest_route=\/wp\/v2\/types\/page"}],"author":[{"embeddable":true,"href":"https:\/\/diezlab.com\/index.php?rest_route=\/wp\/v2\/users\/1"}],"replies":[{"embeddable":true,"href":"https:\/\/diezlab.com\/index.php?rest_route=%2Fwp%2Fv2%2Fcomments&post=1349"}],"version-history":[{"count":8,"href":"https:\/\/diezlab.com\/index.php?rest_route=\/wp\/v2\/pages\/1349\/revisions"}],"predecessor-version":[{"id":1394,"href":"https:\/\/diezlab.com\/index.php?rest_route=\/wp\/v2\/pages\/1349\/revisions\/1394"}],"wp:attachment":[{"href":"https:\/\/diezlab.com\/index.php?rest_route=%2Fwp%2Fv2%2Fmedia&parent=1349"}],"curies":[{"name":"wp","href":"https:\/\/api.w.org\/{rel}","templated":true}]}}